{"id":8,"date":"2012-10-31T13:47:30","date_gmt":"2012-10-31T12:47:30","guid":{"rendered":"http:\/\/bsmotors.fr\/?page_id=8"},"modified":"2023-05-29T09:32:37","modified_gmt":"2023-05-29T08:32:37","slug":"qui-sommes-nous","status":"publish","type":"page","link":"https:\/\/bsmotors.fr\/?page_id=8","title":{"rendered":"Qui sommes-nous"},"content":{"rendered":"<p align=\"justify\"><span style=\"color: #000000;\">Issu du GARAC, Eric, notre chef d&rsquo;atelier a compl\u00e9t\u00e9 sa formation au fil de ses 30 ann\u00e9es d&rsquo;exp\u00e9rience selon les deux axes suivants :<\/span><\/p>\n<div align=\"justify\">\n<ul>\n<li><span style=\"color: #000000;\">R\u00e9paration \/ Recherche de pannes sur v\u00e9hicules anciens,<\/span><\/li>\n<li><span style=\"color: #000000;\">Pr\u00e9paration prototypes pour l&rsquo;Industrie Automobile.<\/span><\/li>\n<\/ul>\n<\/div>\n<p align=\"justify\"><span style=\"color: #000000;\">Passionn\u00e9 par l&rsquo;Automobile classique anglaise, Eric a fait ses armes en d\u00e9butant sur des Spitfire pour ensuite s&rsquo;attaquer \u00e0 l&rsquo;ensemble des marques de prestiges anglaises (Triumph, Austin-Healey, Aston Martin, Lotus, MG, Jaguar, Bentley, Rolls-Royce, Morgan, TVR, \u2026).<\/span><\/p>\n<p align=\"justify\"><span style=\"color: #000000;\">Le m\u00e9lange de la passion de l&rsquo;automobile classique anglaise associ\u00e9e au travail sur des prototypes a naturellement pouss\u00e9 notre atelier \u00e0 s&rsquo;int\u00e9resser aux productions artisanales anglaises extr\u00eamement riches en v\u00e9hicules exotiques de toutes sortes (Sevens, Marcos, Fishers, kit-cars, \u2026).<\/span><\/p>\n<p align=\"justify\"><span style=\"color: #000000;\">N&rsquo;\u00e9tant absolument pas sectaire, notre atelier travaille \u00e9galement sur des v\u00e9hicules en provenance d&rsquo;autres pays. Il n&rsquo;est pas rare de voir dans notre atelier une ancienne Mustang c\u00f4toyer une Austin Healey 3000 MK 1, elle-m\u00eame rang\u00e9e \u00e0 c\u00f4t\u00e9 du Porsche 911 T, \u2026<\/span><\/p>\n<p align=\"justify\"><span style=\"color: #000000;\">En d&rsquo;autres termes, \u00e0 partir du moment o\u00f9 un v\u00e9hicule peut \u00eatre un r\u00e9ceptacle \u00e0 la passion m\u00e9canique, notre Artisan m\u00e9canicien consentira \u00e0 ouvrir son capot\u2026<\/span><\/p>\n<p align=\"justify\"><span style=\"color: #000000;\">Nous restons \u00e0 la disposition de vos v\u00e9hicules pr\u00e9f\u00e9r\u00e9s.<\/span><\/p>\n<p align=\"justify\">\n<p align=\"justify\">Mentions l\u00e9gales :<\/p>\n<p align=\"justify\">Baker Street Motors<\/p>\n<p align=\"justify\">Sarl au capital de 10 000 \u20ac<\/p>\n<p align=\"justify\">28, rue Mirabeau &#8211; 94120 Fontenay-sous-Bois<\/p>\n<p align=\"justify\">RCS Creteil 500 538 715<\/p>\n<p align=\"justify\">SIRET : 500538715 00045<\/p>\n<p align=\"justify\">TVA : FR91500538715<\/p>\n<p align=\"justify\">EORI : FR50053871500045<\/p>\n","protected":false},"excerpt":{"rendered":"<p>Issu du GARAC, Eric, notre chef d&rsquo;atelier a compl\u00e9t\u00e9 sa formation au fil de ses 30 ann\u00e9es d&rsquo;exp\u00e9rience selon les deux axes suivants : R\u00e9paration \/ Recherche de pannes sur v\u00e9hicules anciens, Pr\u00e9paration prototypes pour l&rsquo;Industrie Automobile. Passionn\u00e9 par l&rsquo;Automobile classique anglaise, Eric a fait ses armes en d\u00e9butant sur des Spitfire pour ensuite s&rsquo;attaquer &hellip; <a href=\"https:\/\/bsmotors.fr\/?page_id=8\" class=\"more-link\">Continuer la lecture de <span class=\"screen-reader-text\">Qui sommes-nous<\/span>  <span class=\"meta-nav\">&rarr;<\/span><\/a><\/p>\n","protected":false},"author":1,"featured_media":0,"parent":0,"menu_order":2,"comment_status":"open","ping_status":"open","template":"","meta":{"footnotes":""},"class_list":["post-8","page","type-page","status-publish","hentry"],"jetpack_sharing_enabled":true,"_links":{"self":[{"href":"https:\/\/bsmotors.fr\/index.php?rest_route=\/wp\/v2\/pages\/8","targetHints":{"allow":["GET"]}}],"collection":[{"href":"https:\/\/bsmotors.fr\/index.php?rest_route=\/wp\/v2\/pages"}],"about":[{"href":"https:\/\/bsmotors.fr\/index.php?rest_route=\/wp\/v2\/types\/page"}],"author":[{"embeddable":true,"href":"https:\/\/bsmotors.fr\/index.php?rest_route=\/wp\/v2\/users\/1"}],"replies":[{"embeddable":true,"href":"https:\/\/bsmotors.fr\/index.php?rest_route=%2Fwp%2Fv2%2Fcomments&post=8"}],"version-history":[{"count":12,"href":"https:\/\/bsmotors.fr\/index.php?rest_route=\/wp\/v2\/pages\/8\/revisions"}],"predecessor-version":[{"id":3755,"href":"https:\/\/bsmotors.fr\/index.php?rest_route=\/wp\/v2\/pages\/8\/revisions\/3755"}],"wp:attachment":[{"href":"https:\/\/bsmotors.fr\/index.php?rest_route=%2Fwp%2Fv2%2Fmedia&parent=8"}],"curies":[{"name":"wp","href":"https:\/\/api.w.org\/{rel}","templated":true}]}}