{"id":3763,"date":"2023-09-03T06:43:10","date_gmt":"2023-09-03T05:43:10","guid":{"rendered":"https:\/\/bsmotors.fr\/?page_id=3763"},"modified":"2023-09-03T06:43:10","modified_gmt":"2023-09-03T05:43:10","slug":"payments","status":"publish","type":"page","link":"https:\/\/bsmotors.fr\/?page_id=3763","title":{"rendered":"Payments"},"content":{"rendered":"<p align=\"justify\">Vous trouverez ci-apr\u00e8s une solution de payement pour pouvoir verser vos acomptes et r\u00e9gler vos factures.<\/p>\n<p align=\"justify\">Il vous suffit de renseigner le num\u00e9ro de votre facture et le montant \u00e0 r\u00e9gulariser.<\/p>\n<p align=\"justify\"><strong>[EN COURS DE MISE EN PLACE]<\/strong><\/p>\n<p align=\"justify\">\n<p align=\"justify\">Mentions l\u00e9gales :<\/p>\n<p align=\"justify\">Baker Street Motors<\/p>\n<p align=\"justify\">Sarl au capital de 10 000 \u20ac<\/p>\n<p align=\"justify\">28, rue Mirabeau &#8211; 94120 Fontenay-sous-Bois<\/p>\n<p align=\"justify\">RCS Creteil 500 538 715<\/p>\n<p align=\"justify\">SIRET : 500538715 00045<\/p>\n<p align=\"justify\">TVA : FR91500538715<\/p>\n<p align=\"justify\">EORI : FR50053871500045<\/p>\n","protected":false},"excerpt":{"rendered":"<p>Vous trouverez ci-apr\u00e8s une solution de payement pour pouvoir verser vos acomptes et r\u00e9gler vos factures. Il vous suffit de renseigner le num\u00e9ro de votre facture et le montant \u00e0 r\u00e9gulariser. [EN COURS DE MISE EN PLACE] Mentions l\u00e9gales : Baker Street Motors Sarl au capital de 10 000 \u20ac 28, rue Mirabeau &#8211; 94120 &hellip; <a href=\"https:\/\/bsmotors.fr\/?page_id=3763\" class=\"more-link\">Continuer la lecture de <span class=\"screen-reader-text\">Payments<\/span>  <span class=\"meta-nav\">&rarr;<\/span><\/a><\/p>\n","protected":false},"author":1,"featured_media":0,"parent":0,"menu_order":2,"comment_status":"open","ping_status":"open","template":"","meta":{"footnotes":""},"class_list":["post-3763","page","type-page","status-publish","hentry"],"jetpack_sharing_enabled":true,"_links":{"self":[{"href":"https:\/\/bsmotors.fr\/index.php?rest_route=\/wp\/v2\/pages\/3763","targetHints":{"allow":["GET"]}}],"collection":[{"href":"https:\/\/bsmotors.fr\/index.php?rest_route=\/wp\/v2\/pages"}],"about":[{"href":"https:\/\/bsmotors.fr\/index.php?rest_route=\/wp\/v2\/types\/page"}],"author":[{"embeddable":true,"href":"https:\/\/bsmotors.fr\/index.php?rest_route=\/wp\/v2\/users\/1"}],"replies":[{"embeddable":true,"href":"https:\/\/bsmotors.fr\/index.php?rest_route=%2Fwp%2Fv2%2Fcomments&post=3763"}],"version-history":[{"count":1,"href":"https:\/\/bsmotors.fr\/index.php?rest_route=\/wp\/v2\/pages\/3763\/revisions"}],"predecessor-version":[{"id":3766,"href":"https:\/\/bsmotors.fr\/index.php?rest_route=\/wp\/v2\/pages\/3763\/revisions\/3766"}],"wp:attachment":[{"href":"https:\/\/bsmotors.fr\/index.php?rest_route=%2Fwp%2Fv2%2Fmedia&parent=3763"}],"curies":[{"name":"wp","href":"https:\/\/api.w.org\/{rel}","templated":true}]}}