{"id":12,"date":"2012-10-31T13:49:04","date_gmt":"2012-10-31T12:49:04","guid":{"rendered":"http:\/\/bsmotors.fr\/?page_id=12"},"modified":"2017-10-04T20:29:56","modified_gmt":"2017-10-04T19:29:56","slug":"liens","status":"publish","type":"page","link":"https:\/\/bsmotors.fr\/?page_id=12","title":{"rendered":"Liens"},"content":{"rendered":"<p align=\"justify\"><span style=\"color: #000000;\">Vous trouverez ci-apr\u00e8s quelques liens li\u00e9s au domaine de l&rsquo;automobile :<\/span><\/p>\n<p align=\"justify\"><span style=\"color: #000000;\"><strong>Achat v\u00e9hicules exotiques \/ anciens :<\/strong><\/span><\/p>\n<p align=\"justify\"><span style=\"color: #000000;\">&#8211; <a href=\"http:\/\/www.pistonheads.com\/sales\/\" target=\"_blank\" rel=\"noopener\">Piston Heads<\/a>\u00a0&#8211; Le site de r\u00e9f\u00e9rence de recherche de v\u00e9hicules d&rsquo;occasion anglais,<\/span><\/p>\n<p align=\"justify\"><span style=\"color: #000000;\"><strong>Fournisseurs :<\/strong><\/span><\/p>\n<p align=\"justify\"><span style=\"color: #000000;\"><strong>&#8211; <\/strong><a href=\"http:\/\/www.bas-france.fr\/\" target=\"_blank\" rel=\"noopener\">BAS France<\/a>\u00a0&#8211; Sp\u00e9cialiste de garniture de jaguar &#8211; Confection de capote pour cabriolet,<\/span><\/p>\n<p align=\"justify\"><span style=\"color: #000000;\">&#8211; <a href=\"http:\/\/www.nosvieillesanglaises.com\/\" target=\"_blank\" rel=\"noopener\">Nos Vieilles Anglaises<\/a>\u00a0&#8211; Sp\u00e9cialiste fran\u00e7ais de pi\u00e8ces neuves et occasions (MG, Mini, Triumph, Austin-Healey, &#8230;),<\/span><\/p>\n<p align=\"justify\"><span style=\"color: #000000;\">&#8211; <a href=\"http:\/\/www.rosepassion.fr\/\" target=\"_blank\" rel=\"noopener\">Rose Passion<\/a>\u00a0&#8211; Toutes les pi\u00e8ces pour votre Porsche,<\/span><\/p>\n<p align=\"justify\"><span style=\"color: #000000;\"><strong>Documentations \/ Discussions automobile <\/strong><\/span><\/p>\n<p align=\"justify\"><span style=\"color: #000000;\"><strong>&#8211; <\/strong><a href=\"http:\/\/www.sevener.fr\/\" target=\"_blank\" rel=\"noopener\">Sevener<\/a>\u00a0&#8211; Un site et un forum d\u00e9di\u00e9s au monde de la Seven,<\/span><\/p>\n<p align=\"center\"><span style=\"color: #000000;\">Nous n&rsquo;avons pas d&rsquo;accords particuliers avec ces soci\u00e9t\u00e9s, mais leur accueil et \/ ou leur philosophie automobile nous semble en ad\u00e9quation avec nos attentes&#8230;<\/span><\/p>\n","protected":false},"excerpt":{"rendered":"<p>Vous trouverez ci-apr\u00e8s quelques liens li\u00e9s au domaine de l&rsquo;automobile : Achat v\u00e9hicules exotiques \/ anciens : &#8211; Piston Heads\u00a0&#8211; Le site de r\u00e9f\u00e9rence de recherche de v\u00e9hicules d&rsquo;occasion anglais, Fournisseurs : &#8211; BAS France\u00a0&#8211; Sp\u00e9cialiste de garniture de jaguar &#8211; Confection de capote pour cabriolet, &#8211; Nos Vieilles Anglaises\u00a0&#8211; Sp\u00e9cialiste fran\u00e7ais de pi\u00e8ces neuves &hellip; <a href=\"https:\/\/bsmotors.fr\/?page_id=12\" class=\"more-link\">Continuer la lecture de <span class=\"screen-reader-text\">Liens<\/span>  <span class=\"meta-nav\">&rarr;<\/span><\/a><\/p>\n","protected":false},"author":1,"featured_media":0,"parent":0,"menu_order":4,"comment_status":"open","ping_status":"open","template":"","meta":{"footnotes":""},"class_list":["post-12","page","type-page","status-publish","hentry"],"jetpack_sharing_enabled":true,"_links":{"self":[{"href":"https:\/\/bsmotors.fr\/index.php?rest_route=\/wp\/v2\/pages\/12","targetHints":{"allow":["GET"]}}],"collection":[{"href":"https:\/\/bsmotors.fr\/index.php?rest_route=\/wp\/v2\/pages"}],"about":[{"href":"https:\/\/bsmotors.fr\/index.php?rest_route=\/wp\/v2\/types\/page"}],"author":[{"embeddable":true,"href":"https:\/\/bsmotors.fr\/index.php?rest_route=\/wp\/v2\/users\/1"}],"replies":[{"embeddable":true,"href":"https:\/\/bsmotors.fr\/index.php?rest_route=%2Fwp%2Fv2%2Fcomments&post=12"}],"version-history":[{"count":10,"href":"https:\/\/bsmotors.fr\/index.php?rest_route=\/wp\/v2\/pages\/12\/revisions"}],"predecessor-version":[{"id":3721,"href":"https:\/\/bsmotors.fr\/index.php?rest_route=\/wp\/v2\/pages\/12\/revisions\/3721"}],"wp:attachment":[{"href":"https:\/\/bsmotors.fr\/index.php?rest_route=%2Fwp%2Fv2%2Fmedia&parent=12"}],"curies":[{"name":"wp","href":"https:\/\/api.w.org\/{rel}","templated":true}]}}