{"id":10,"date":"2012-10-31T13:48:11","date_gmt":"2012-10-31T12:48:11","guid":{"rendered":"http:\/\/bsmotors.fr\/?page_id=10"},"modified":"2017-10-04T20:29:37","modified_gmt":"2017-10-04T19:29:37","slug":"services-proposes","status":"publish","type":"page","link":"https:\/\/bsmotors.fr\/?page_id=10","title":{"rendered":"Services propos\u00e9s"},"content":{"rendered":"<p align=\"justify\"><span style=\"color: #000000;\">Notre atelier peut vous proposer les services suivants :<\/span><\/p>\n<p align=\"justify\"><span style=\"color: #000000;\">&#8211; Entretien, r\u00e9paration, recherche de pannes, optimisation de vos v\u00e9hicules,<\/span><\/p>\n<p align=\"justify\"><span style=\"color: #000000;\">&#8211; Recherches, ventes et installations de pi\u00e8ces sp\u00e9cifiques \u00e0 votre v\u00e9hicule ou \u00e0 vos souhaits,<\/span><\/p>\n<p align=\"justify\"><span style=\"color: #000000;\">&#8211; R\u00e9paration \/ Peinture de vos jantes Aluminium (dans un d\u00e9lai de 3 \u00e0 4 semaines),<\/span><\/p>\n<p align=\"justify\"><span style=\"color: #000000;\">&#8211; Location de v\u00e9hicules d&rsquo;\u00e9poques ou atypiques pour vos \u00e9v\u00e8nements (shooting, tournages, mariages,\u2026). Notre base de donn\u00e9es (en construction) regroupe l&rsquo;ensemble des v\u00e9hicules de nos clients int\u00e9ress\u00e9s, compl\u00e9t\u00e9s par les v\u00e9hicules de l&rsquo;atelier (liste \u00e9volutive en fonction du temps),<\/span><\/p>\n<p align=\"justify\"><span style=\"color: #000000;\">&#8211; Recherche de v\u00e9hicules sp\u00e9cifiques \u00e0 acheter en fonction de vos crit\u00e8res,<\/span><\/p>\n<p align=\"justify\"><span style=\"color: #000000;\">&#8211; Rapatriement de vos v\u00e9hicules achet\u00e9s en Europe (devis sur demande en fonction du rapatriement \u00e0 effectuer),<\/span><\/p>\n<p align=\"justify\"><span style=\"color: #000000;\">&#8211; \u2026<\/span><\/p>\n<p align=\"justify\"><span style=\"color: #000000;\">Notre atelier est \u00e0 l&rsquo;\u00e9coute de vos projets m\u00e9caniques et peut vous accompagner dans sa r\u00e9alisation.<\/span><\/p>\n","protected":false},"excerpt":{"rendered":"<p>Notre atelier peut vous proposer les services suivants : &#8211; Entretien, r\u00e9paration, recherche de pannes, optimisation de vos v\u00e9hicules, &#8211; Recherches, ventes et installations de pi\u00e8ces sp\u00e9cifiques \u00e0 votre v\u00e9hicule ou \u00e0 vos souhaits, &#8211; R\u00e9paration \/ Peinture de vos jantes Aluminium (dans un d\u00e9lai de 3 \u00e0 4 semaines), &#8211; Location de v\u00e9hicules d&rsquo;\u00e9poques &hellip; <a href=\"https:\/\/bsmotors.fr\/?page_id=10\" class=\"more-link\">Continuer la lecture de <span class=\"screen-reader-text\">Services propos\u00e9s<\/span>  <span class=\"meta-nav\">&rarr;<\/span><\/a><\/p>\n","protected":false},"author":1,"featured_media":0,"parent":0,"menu_order":3,"comment_status":"open","ping_status":"open","template":"","meta":{"footnotes":""},"class_list":["post-10","page","type-page","status-publish","hentry"],"jetpack_sharing_enabled":true,"_links":{"self":[{"href":"https:\/\/bsmotors.fr\/index.php?rest_route=\/wp\/v2\/pages\/10","targetHints":{"allow":["GET"]}}],"collection":[{"href":"https:\/\/bsmotors.fr\/index.php?rest_route=\/wp\/v2\/pages"}],"about":[{"href":"https:\/\/bsmotors.fr\/index.php?rest_route=\/wp\/v2\/types\/page"}],"author":[{"embeddable":true,"href":"https:\/\/bsmotors.fr\/index.php?rest_route=\/wp\/v2\/users\/1"}],"replies":[{"embeddable":true,"href":"https:\/\/bsmotors.fr\/index.php?rest_route=%2Fwp%2Fv2%2Fcomments&post=10"}],"version-history":[{"count":10,"href":"https:\/\/bsmotors.fr\/index.php?rest_route=\/wp\/v2\/pages\/10\/revisions"}],"predecessor-version":[{"id":3719,"href":"https:\/\/bsmotors.fr\/index.php?rest_route=\/wp\/v2\/pages\/10\/revisions\/3719"}],"wp:attachment":[{"href":"https:\/\/bsmotors.fr\/index.php?rest_route=%2Fwp%2Fv2%2Fmedia&parent=10"}],"curies":[{"name":"wp","href":"https:\/\/api.w.org\/{rel}","templated":true}]}}